{"id":890,"date":"2015-04-09T11:27:21","date_gmt":"2015-04-09T10:27:21","guid":{"rendered":"http:\/\/advanexcz.wpengine.com\/de\/faq\/"},"modified":"2016-10-06T09:02:05","modified_gmt":"2016-10-06T08:02:05","slug":"faq","status":"publish","type":"page","link":"https:\/\/advanex.cz\/de\/faq\/","title":{"rendered":"H\u00c4UFIG GESTELLTE FRAGEN"},"content":{"rendered":"<div id=\"pl-890\"  class=\"panel-layout\" ><div id=\"pg-890-0\"  class=\"panel-grid panel-has-style\" ><div class=\"row-header panel-row-style panel-row-style-for-890-0\" ><div id=\"pgc-890-0-0\"  class=\"panel-grid-cell panel-grid-cell-mobile-last\" ><div id=\"panel-890-0-0-0\" class=\"so-panel widget widget_black-studio-tinymce widget_black_studio_tinymce panel-first-child panel-last-child\" data-index=\"0\" ><div class=\"textwidget\"><h2 style=\"text-align: center;\">PERFEKTION VON ADVANEX<\/h2>\n<p style=\"text-align: center;\">Satisfaction Plus \u2013 unser Netzwerk f\u00fcr eine bessere Welt<\/p>\n<p style=\"text-align: center;\"><a title=\"Contact\" href=\"http:\/\/advanexcz.wpengine.com\/de\/contact\/\">Kontakt<\/a><\/p>\n<\/div><\/div><\/div><div id=\"pgc-890-0-1\"  class=\"panel-grid-cell panel-grid-cell-empty\" ><\/div><\/div><\/div><div id=\"pg-890-1\"  class=\"panel-grid panel-has-style\" ><div class=\"panel-row-style panel-row-style-for-890-1\" ><div id=\"pgc-890-1-0\"  class=\"panel-grid-cell\" ><div id=\"panel-890-1-0-0\" class=\"so-panel widget widget_black-studio-tinymce widget_black_studio_tinymce panel-first-child panel-last-child\" data-index=\"1\" ><div class=\"textwidget\"><h1>H\u00c4UFIG GESTELLTE FRAGEN<\/h1>\n<\/div><\/div><\/div><\/div><\/div><div id=\"pg-890-2\"  class=\"panel-grid panel-no-style\" ><div id=\"pgc-890-2-0\"  class=\"panel-grid-cell\" ><div id=\"panel-890-2-0-0\" class=\"so-panel widget widget_black-studio-tinymce widget_black_studio_tinymce panel-first-child\" data-index=\"2\" ><div class=\"textwidget\"><h2>ANTWORTEN AUF IHRE FRAGEN<\/h2>\n<\/div><\/div>        <div class=\"afaq-list\">\n\t        \t        <div class=\"afaq-item\">\n\t\t        <div class=\"afaq-question\"><span>Q.<\/span>F: Welche Arten von Draht- und Flachfedern sowie Stanz- und Biegeteilen k\u00f6nnen Sie herstellen und in welchen Gr\u00f6\u00dfen sind die Produkte erh\u00e4ltlich?<\/div>\n\t\t        <div class=\"afaq-answer\"><span>A.<\/span>A: Wir k\u00f6nnen alle Arten von Drahtfedern herstellen, z. B. Druckfedern, Zugfedern, Torsionsfedern und Drahtformen aus zahlreichen unterschiedlichen Materialien und mit Drahtdurchmessern zwischen 0,1 und 14,0 mm.\n\nAuch f\u00fcr unsere Flachfedern verwenden wir alle denkbaren Materialien mit einer Banddicke zwischen 0,1 und 4,0 mm. F\u00fcr die Fertigung nutzen wir unsere Pressen oder firmeneigene verschnittfreie Multiformverfahren.<\/div>\n\t        <\/div>\n\t        \t        <div class=\"afaq-item\">\n\t\t        <div class=\"afaq-question\"><span>Q.<\/span>F: Wer geh\u00f6rt zu Ihren Kunden?<\/div>\n\t\t        <div class=\"afaq-answer\"><span>A.<\/span>A: Zu unseren Kunden geh\u00f6ren zahlreiche gro\u00dfe Unternehmen aus der Automobilbranche und der Luft- und Raumfahrttechnik, Hersteller von Elektronik- und Haushaltsger\u00e4ten, Medizintechnikanbieter, die pharmazeutische Industrie sowie Hersteller von Ger\u00e4ten f\u00fcr die B\u00fcroautomatisierung, aber wir sind generell auf allen Industrie- und Technologiem\u00e4rkten pr\u00e4sent.<\/div>\n\t        <\/div>\n\t        \t        <div class=\"afaq-item\">\n\t\t        <div class=\"afaq-question\"><span>Q.<\/span>F: Nach welchen Industrienormen sind Sie zertifiziert?<\/div>\n\t\t        <div class=\"afaq-answer\"><span>A.<\/span>A: Wir verf\u00fcgen \u00fcber Zertifizierungen nach ISO 9001:2000, ISO 14001 und ISO\/TS16949 sowie nach zahlreichen anderen branchenspezifischen Normen.<\/div>\n\t        <\/div>\n\t        \t        <div class=\"afaq-item\">\n\t\t        <div class=\"afaq-question\"><span>Q.<\/span>F: Ich erinnere mich daran, dass Advanex fr\u00fcher KATO hie\u00df. Warum haben Sie das Unternehmen in \u201eADVANEX\u201c umbenannt und wof\u00fcr steht dieser Name?<\/div>\n\t\t        <div class=\"afaq-answer\"><span>A.<\/span>A: Wir haben das Unternehmen im Juli 2001 von KATO SPRING WORKS. CO. LTD. in ADVANEX umbenannt. Der Name besteht aus den Worten \u201eADVANCED\u201c f\u00fcr \u201efortschrittlich\u201c und \u201eNEXT\u201c im Sinne von \u201eder\/die\/das N\u00e4chste\u201c. Wir m\u00f6chten damit unser Engagement in der  Entwicklung fortschrittlicher Technologien f\u00fcr Produkte der n\u00e4chsten Generation unterstreichen.\n<\/div>\n\t        <\/div>\n\t        \t        <div class=\"afaq-item\">\n\t\t        <div class=\"afaq-question\"><span>Q.<\/span>F: An welchen B\u00f6rsen ist Advanex notiert?<\/div>\n\t\t        <div class=\"afaq-answer\"><span>A.<\/span>A: Advanex ist in der ersten Sektion der Tokioter B\u00f6rse notiert. Die Kennnummer lautet 5998.<\/div>\n\t        <\/div>\n\t        \t        <div class=\"afaq-item\">\n\t\t        <div class=\"afaq-question\"><span>Q.<\/span>F: Ich interessiere mich f\u00fcr eine berufliche Karriere bei Advanex. Wie sollte ich vorgehen?<\/div>\n\t\t        <div class=\"afaq-answer\"><span>A.<\/span>A: Wir sind stets an talentiertem Zuwachs f\u00fcr unsere Teams interessiert. Bitte wenden Sie sich an die von Ihnen bevorzugte Niederlassung.<\/div>\n\t        <\/div>\n\t                <\/div>\n        <\/div><div id=\"pgc-890-2-1\"  class=\"panel-grid-cell\" ><style>\n.rpwe-block ul{list-style:none!important;margin-left:0!important;padding-left:0!important;}.rpwe-block li{border-bottom:1px solid #eee;margin-bottom:10px;padding-bottom:10px;list-style-type: none;}.rpwe-block a{display:inline!important;text-decoration:none;}.rpwe-block h3{background:none!important;clear:none;margin-bottom:0!important;margin-top:0!important;font-weight:400;font-size:12px!important;line-height:1.5em;}.rpwe-thumb{border:1px solid #EEE!important;box-shadow:none!important;margin:2px 10px 2px 0;padding:3px!important;}.rpwe-summary{font-size:12px;}.rpwe-time{color:#bbb;font-size:11px;}.rpwe-comment{color:#bbb;font-size:11px;padding-left:5px;}.rpwe-alignleft{display:inline;float:left;}.rpwe-alignright{display:inline;float:right;}.rpwe-aligncenter{display:block;margin-left: auto;margin-right: auto;}.rpwe-clearfix:before,.rpwe-clearfix:after{content:\"\";display:table !important;}.rpwe-clearfix:after{clear:both;}.rpwe-clearfix{zoom:1;}\n<\/style>\n\t<div id=\"panel-890-2-1-0\" class=\"so-panel widget widget_rpwe_widget rpwe_widget recent-posts-extended panel-first-child\" data-index=\"4\" ><h3 class=\"widget-title\">NEUIGKEITEN VON ADVANEX<\/h3><div  class=\"rpwe-block \"><ul class=\"rpwe-ul\"><li class=\"rpwe-li rpwe-clearfix\"><h3 class=\"rpwe-title\"><a href=\"https:\/\/advanex.cz\/de\/advanex-europe-nutzt-die-partnerschaft-mit-der-university-of-nottingham-und-den-damit-verbundenen-wissenstransfer-um-das-angebot-an-tiefgezogenen-produkten-zu-erweitern\/\" title=\"Permalink to Advanex Europe nutzt die Partnerschaft mit der University of Nottingham und den damit verbundenen Wissenstransfer, um das Angebot an tiefgezogenen Produkten zu erweitern\" rel=\"bookmark\">Advanex Europe nutzt die Partnerschaft mit der University of Nottingham und den damit verbundenen Wissenstransfer, um das Angebot an tiefgezogenen Produkten zu erweitern<\/a><\/h3><div class=\"rpwe-summary\">Advanex Europe, Hersteller von Pr\u00e4zisionskomponenten, m\u00f6chte auf den Erfolg des Wissenstransfers (KTP: Knowledge Transfer Partnership) mit der University of Nottingham &hellip;<a href=\"https:\/\/advanex.cz\/de\/advanex-europe-nutzt-die-partnerschaft-mit-der-university-of-nottingham-und-den-damit-verbundenen-wissenstransfer-um-das-angebot-an-tiefgezogenen-produkten-zu-erweitern\/\" class=\"more-link\">MORE<\/a><\/div><\/li><li class=\"rpwe-li rpwe-clearfix\"><h3 class=\"rpwe-title\"><a href=\"https:\/\/advanex.cz\/de\/besuch-der-slowakei-zum-hundertsten-jahrestag\/\" title=\"Permalink to BESUCH DER SLOWAKEI ZUM HUNDERTSTEN JAHRESTAG\" rel=\"bookmark\">BESUCH DER SLOWAKEI ZUM HUNDERTSTEN JAHRESTAG<\/a><\/h3><div class=\"rpwe-summary\">Advanex nahm k\u00fcrzlich an einem Treffen in der Slowakei teil, um das im Jahr 2020 anstehende 100-j\u00e4hrige Bestehen der ersten &hellip;<a href=\"https:\/\/advanex.cz\/de\/besuch-der-slowakei-zum-hundertsten-jahrestag\/\" class=\"more-link\">MORE<\/a><\/div><\/li><li class=\"rpwe-li rpwe-clearfix\"><h3 class=\"rpwe-title\"><a href=\"https:\/\/advanex.cz\/de\/advanex-stellt-in-der-federherstellung-erweiterte-fertigungsmoeglichkeiten-vor\/\" title=\"Permalink to Advanex stellt in der Federherstellung erweiterte Fertigungsm\u00f6glichkeiten vor\" rel=\"bookmark\">Advanex stellt in der Federherstellung erweiterte Fertigungsm\u00f6glichkeiten vor<\/a><\/h3><div class=\"rpwe-summary\">Advanex, der weltweit f\u00fchrende Hersteller von Federn, hat neue, innovative Maschinen vorgestellt, die die Herstellung von Pr\u00e4zisionsfedern revolutionieren werden. Diese &hellip;<a href=\"https:\/\/advanex.cz\/de\/advanex-stellt-in-der-federherstellung-erweiterte-fertigungsmoeglichkeiten-vor\/\" class=\"more-link\">MORE<\/a><\/div><\/li><\/ul><\/div><!-- Generated by http:\/\/wordpress.org\/plugins\/recent-posts-widget-extended\/ --><\/div><div id=\"panel-890-2-1-1\" class=\"so-panel widget widget_black-studio-tinymce widget_black_studio_tinymce\" data-index=\"5\" ><div class=\"text-white panel-widget-style panel-widget-style-for-890-2-1-1\" ><div class=\"textwidget\"><h3 style=\"text-align: center;\">Globales Netzwerk<\/h3>\n<p style=\"text-align: center;\"><a class=\"button-ghost\" title=\"Network\" href=\"http:\/\/advanexcz.wpengine.com\/de\/about\/group-companies\/\">NETZWERKE ANZEIGEN<\/a><\/p>\n<\/div><\/div><\/div><div id=\"panel-890-2-1-2\" class=\"so-panel widget widget_black-studio-tinymce widget_black_studio_tinymce panel-last-child\" data-index=\"6\" ><div class=\"panel-widget-style panel-widget-style-for-890-2-1-2\" ><div class=\"textwidget\"><table style=\"width: 100%;\">\n<tbody>\n<tr>\n<td style=\"width: 100%;\">WERDEN SIE TEIL UNSERES WELTWEITEN PARTNERNETZWERKS<\/td>\n<td style=\"width: 1%; text-align: right;\"><a class=\"button-ghost\" href=\"http:\/\/advanexcz.wpengine.com\/de\/contact\/\">Kontakt<\/a><\/td>\n<\/tr>\n<\/tbody>\n<\/table>\n<\/div><\/div><\/div><\/div><\/div><\/div>","protected":false},"excerpt":{"rendered":"<p>PERFEKTION VON ADVANEX Satisfaction Plus \u2013 unser Netzwerk f\u00fcr eine bessere Welt Kontakt H\u00c4UFIG GESTELLTE FRAGEN ANTWORTEN AUF IHRE FRAGEN Q.F: Welche Arten von Draht- und Flachfedern sowie Stanz- und <a class=\"read-more\" href=\"https:\/\/advanex.cz\/de\/advanex-stellt-in-der-federherstellung-erweiterte-fertigungsmoeglichkeiten-vor\/\">MORE&#8230;<\/a><\/p>\n","protected":false},"author":1,"featured_media":0,"parent":0,"menu_order":0,"comment_status":"open","ping_status":"open","template":"","meta":{"footnotes":""},"class_list":["post-890","page","type-page","status-publish","hentry"],"yoast_head":"<!-- This site is optimized with the Yoast SEO plugin v15.4 - https:\/\/yoast.com\/wordpress\/plugins\/seo\/ -->\n<title>Advanex Group - FAQ - Frequently Asked Questions<\/title>\n<meta name=\"description\" content=\"Our frequently asked questions from across the globe.\" \/>\n<meta name=\"robots\" content=\"index, follow, max-snippet:-1, max-image-preview:large, max-video-preview:-1\" \/>\n<link rel=\"canonical\" href=\"https:\/\/advanex.cz\/de\/faq\/\" \/>\n<meta property=\"og:locale\" content=\"de_DE\" \/>\n<meta property=\"og:type\" content=\"article\" \/>\n<meta property=\"og:title\" content=\"Advanex Group - FAQ - Frequently Asked Questions\" \/>\n<meta property=\"og:description\" content=\"Our frequently asked questions from across the globe.\" \/>\n<meta property=\"og:url\" content=\"https:\/\/advanex.cz\/de\/faq\/\" \/>\n<meta property=\"og:site_name\" content=\"Advanex\" \/>\n<meta property=\"article:modified_time\" content=\"2016-10-06T08:02:05+00:00\" \/>\n<meta name=\"twitter:label1\" content=\"Verfasst von\">\n\t<meta name=\"twitter:data1\" content=\"richie\">\n\t<meta name=\"twitter:label2\" content=\"Gesch\u00e4tzte Lesezeit\">\n\t<meta name=\"twitter:data2\" content=\"2 Minuten\">\n<script type=\"application\/ld+json\" class=\"yoast-schema-graph\">{\"@context\":\"https:\/\/schema.org\",\"@graph\":[{\"@type\":\"WebSite\",\"@id\":\"https:\/\/advanex.cz\/#website\",\"url\":\"https:\/\/advanex.cz\/\",\"name\":\"Advanex\",\"description\":\"\",\"potentialAction\":[{\"@type\":\"SearchAction\",\"target\":\"https:\/\/advanex.cz\/?s={search_term_string}\",\"query-input\":\"required name=search_term_string\"}],\"inLanguage\":\"de-DE\"},{\"@type\":\"WebPage\",\"@id\":\"https:\/\/advanex.cz\/de\/faq\/#webpage\",\"url\":\"https:\/\/advanex.cz\/de\/faq\/\",\"name\":\"Advanex Group - FAQ - Frequently Asked Questions\",\"isPartOf\":{\"@id\":\"https:\/\/advanex.cz\/#website\"},\"datePublished\":\"2015-04-09T10:27:21+00:00\",\"dateModified\":\"2016-10-06T08:02:05+00:00\",\"description\":\"Our frequently asked questions from across the globe.\",\"inLanguage\":\"de-DE\",\"potentialAction\":[{\"@type\":\"ReadAction\",\"target\":[\"https:\/\/advanex.cz\/de\/faq\/\"]}]}]}<\/script>\n<!-- \/ Yoast SEO plugin. -->","_links":{"self":[{"href":"https:\/\/advanex.cz\/de\/wp-json\/wp\/v2\/pages\/890","targetHints":{"allow":["GET"]}}],"collection":[{"href":"https:\/\/advanex.cz\/de\/wp-json\/wp\/v2\/pages"}],"about":[{"href":"https:\/\/advanex.cz\/de\/wp-json\/wp\/v2\/types\/page"}],"author":[{"embeddable":true,"href":"https:\/\/advanex.cz\/de\/wp-json\/wp\/v2\/users\/1"}],"replies":[{"embeddable":true,"href":"https:\/\/advanex.cz\/de\/wp-json\/wp\/v2\/comments?post=890"}],"version-history":[{"count":0,"href":"https:\/\/advanex.cz\/de\/wp-json\/wp\/v2\/pages\/890\/revisions"}],"wp:attachment":[{"href":"https:\/\/advanex.cz\/de\/wp-json\/wp\/v2\/media?parent=890"}],"curies":[{"name":"wp","href":"https:\/\/api.w.org\/{rel}","templated":true}]}}