{"id":899,"date":"2015-04-10T09:08:43","date_gmt":"2015-04-10T08:08:43","guid":{"rendered":"http:\/\/advanexcz.wpengine.com\/de\/ceo-message\/"},"modified":"2018-07-18T10:47:21","modified_gmt":"2018-07-18T09:47:21","slug":"ceo-message","status":"publish","type":"page","link":"https:\/\/advanex.cz\/de\/ceo-message\/","title":{"rendered":"GRUSSWORT DES CEO"},"content":{"rendered":"<div id=\"pl-899\"  class=\"panel-layout\" ><div id=\"pg-899-0\"  class=\"panel-grid panel-has-style\" ><div class=\"row-header panel-row-style panel-row-style-for-899-0\" ><div id=\"pgc-899-0-0\"  class=\"panel-grid-cell panel-grid-cell-mobile-last\" ><div id=\"panel-899-0-0-0\" class=\"so-panel widget widget_black-studio-tinymce widget_black_studio_tinymce panel-first-child panel-last-child\" data-index=\"0\" ><div class=\"textwidget\"><h2 style=\"text-align: center;\">SATISFACTION PLUS \u2013 UNSER NETZWERK F\u00dcR EINE BESSERE WELT<\/h2>\n<p style=\"text-align: center;\"><a title=\"Contact\" href=\"http:\/\/advanexcz.wpengine.com\/de\/contact\/\">Kontakt<\/a><\/p>\n<\/div><\/div><\/div><div id=\"pgc-899-0-1\"  class=\"panel-grid-cell panel-grid-cell-empty\" ><\/div><\/div><\/div><div id=\"pg-899-1\"  class=\"panel-grid panel-has-style\" ><div class=\"panel-row-style panel-row-style-for-899-1\" ><div id=\"pgc-899-1-0\"  class=\"panel-grid-cell\" ><div id=\"panel-899-1-0-0\" class=\"so-panel widget widget_black-studio-tinymce widget_black_studio_tinymce panel-first-child panel-last-child\" data-index=\"1\" ><div class=\"textwidget\"><h1>\u00dcBER ADVANEX<\/h1>\n<\/div><\/div><\/div><\/div><\/div><div id=\"pg-899-2\"  class=\"panel-grid panel-no-style\" ><div id=\"pgc-899-2-0\"  class=\"panel-grid-cell panel-grid-cell-empty\" ><\/div><div id=\"pgc-899-2-1\"  class=\"panel-grid-cell\" ><style>\n.rpwe-block ul{list-style:none!important;margin-left:0!important;padding-left:0!important;}.rpwe-block li{border-bottom:1px solid #eee;margin-bottom:10px;padding-bottom:10px;list-style-type: none;}.rpwe-block a{display:inline!important;text-decoration:none;}.rpwe-block h3{background:none!important;clear:none;margin-bottom:0!important;margin-top:0!important;font-weight:400;font-size:12px!important;line-height:1.5em;}.rpwe-thumb{border:1px solid #EEE!important;box-shadow:none!important;margin:2px 10px 2px 0;padding:3px!important;}.rpwe-summary{font-size:12px;}.rpwe-time{color:#bbb;font-size:11px;}.rpwe-comment{color:#bbb;font-size:11px;padding-left:5px;}.rpwe-alignleft{display:inline;float:left;}.rpwe-alignright{display:inline;float:right;}.rpwe-aligncenter{display:block;margin-left: auto;margin-right: auto;}.rpwe-clearfix:before,.rpwe-clearfix:after{content:\"\";display:table !important;}.rpwe-clearfix:after{clear:both;}.rpwe-clearfix{zoom:1;}\n<\/style>\n\t<div id=\"panel-899-2-1-0\" class=\"so-panel widget widget_rpwe_widget rpwe_widget recent-posts-extended panel-first-child\" data-index=\"2\" ><h3 class=\"widget-title\">NEUIGKEITEN VON ADVANEX<\/h3><div  class=\"rpwe-block \"><ul class=\"rpwe-ul\"><li class=\"rpwe-li rpwe-clearfix\"><h3 class=\"rpwe-title\"><a href=\"https:\/\/advanex.cz\/de\/advanex-europe-nutzt-die-partnerschaft-mit-der-university-of-nottingham-und-den-damit-verbundenen-wissenstransfer-um-das-angebot-an-tiefgezogenen-produkten-zu-erweitern\/\" title=\"Permalink to Advanex Europe nutzt die Partnerschaft mit der University of Nottingham und den damit verbundenen Wissenstransfer, um das Angebot an tiefgezogenen Produkten zu erweitern\" rel=\"bookmark\">Advanex Europe nutzt die Partnerschaft mit der University of Nottingham und den damit verbundenen Wissenstransfer, um das Angebot an tiefgezogenen Produkten zu erweitern<\/a><\/h3><div class=\"rpwe-summary\">Advanex Europe, Hersteller von Pr\u00e4zisionskomponenten, m\u00f6chte auf den Erfolg des Wissenstransfers (KTP: Knowledge Transfer Partnership) mit der University of Nottingham &hellip;<a href=\"https:\/\/advanex.cz\/de\/advanex-europe-nutzt-die-partnerschaft-mit-der-university-of-nottingham-und-den-damit-verbundenen-wissenstransfer-um-das-angebot-an-tiefgezogenen-produkten-zu-erweitern\/\" class=\"more-link\">MORE<\/a><\/div><\/li><li class=\"rpwe-li rpwe-clearfix\"><h3 class=\"rpwe-title\"><a href=\"https:\/\/advanex.cz\/de\/besuch-der-slowakei-zum-hundertsten-jahrestag\/\" title=\"Permalink to BESUCH DER SLOWAKEI ZUM HUNDERTSTEN JAHRESTAG\" rel=\"bookmark\">BESUCH DER SLOWAKEI ZUM HUNDERTSTEN JAHRESTAG<\/a><\/h3><div class=\"rpwe-summary\">Advanex nahm k\u00fcrzlich an einem Treffen in der Slowakei teil, um das im Jahr 2020 anstehende 100-j\u00e4hrige Bestehen der ersten &hellip;<a href=\"https:\/\/advanex.cz\/de\/besuch-der-slowakei-zum-hundertsten-jahrestag\/\" class=\"more-link\">MORE<\/a><\/div><\/li><li class=\"rpwe-li rpwe-clearfix\"><h3 class=\"rpwe-title\"><a href=\"https:\/\/advanex.cz\/de\/advanex-stellt-in-der-federherstellung-erweiterte-fertigungsmoeglichkeiten-vor\/\" title=\"Permalink to Advanex stellt in der Federherstellung erweiterte Fertigungsm\u00f6glichkeiten vor\" rel=\"bookmark\">Advanex stellt in der Federherstellung erweiterte Fertigungsm\u00f6glichkeiten vor<\/a><\/h3><div class=\"rpwe-summary\">Advanex, der weltweit f\u00fchrende Hersteller von Federn, hat neue, innovative Maschinen vorgestellt, die die Herstellung von Pr\u00e4zisionsfedern revolutionieren werden. Diese &hellip;<a href=\"https:\/\/advanex.cz\/de\/advanex-stellt-in-der-federherstellung-erweiterte-fertigungsmoeglichkeiten-vor\/\" class=\"more-link\">MORE<\/a><\/div><\/li><\/ul><\/div><!-- Generated by http:\/\/wordpress.org\/plugins\/recent-posts-widget-extended\/ --><\/div><div id=\"panel-899-2-1-1\" class=\"so-panel widget widget_black-studio-tinymce widget_black_studio_tinymce\" data-index=\"3\" ><div class=\"text-white panel-widget-style panel-widget-style-for-899-2-1-1\" ><div class=\"textwidget\"><h3 style=\"text-align: center;\">Globales Netzwerk<\/h3>\n<p style=\"text-align: center;\"><a class=\"button-ghost\" title=\"Network\" href=\"http:\/\/advanexcz.wpengine.com\/de\/about\/group-companies\/\">NETZWERKE ANZEIGEN<\/a><\/p>\n<\/div><\/div><\/div><div id=\"panel-899-2-1-2\" class=\"so-panel widget widget_black-studio-tinymce widget_black_studio_tinymce panel-last-child\" data-index=\"4\" ><div class=\"panel-widget-style panel-widget-style-for-899-2-1-2\" ><div class=\"textwidget\"><table style=\"width: 100%;\">\n<tbody>\n<tr>\n<td style=\"width: 100%;\">WERDEN SIE TEIL UNSERES WELTWEITEN PARTNERNETZWERKS<\/td>\n<td style=\"width: 1%; text-align: right;\"><a class=\"button-ghost\" href=\"http:\/\/advanexcz.wpengine.com\/de\/contact\/\">Kontakt<\/a><\/td>\n<\/tr>\n<\/tbody>\n<\/table>\n<\/div><\/div><\/div><\/div><\/div><\/div>","protected":false},"excerpt":{"rendered":"<p>SATISFACTION PLUS \u2013 UNSER NETZWERK F\u00dcR EINE BESSERE WELT Kontakt \u00dcBER ADVANEX NEUIGKEITEN VON ADVANEX Nachricht des Vorstandsvorsitzenden und COO f\u00fcr 2018 Unser wirtschaftliches Umfeld unterliegt kontinuierlichen Ver\u00e4nderungen, wie einem <a class=\"read-more\" href=\"https:\/\/advanex.cz\/de\/advanex-stellt-in-der-federherstellung-erweiterte-fertigungsmoeglichkeiten-vor\/\">MORE&#8230;<\/a><\/p>\n","protected":false},"author":1,"featured_media":0,"parent":0,"menu_order":0,"comment_status":"open","ping_status":"open","template":"","meta":{"footnotes":""},"class_list":["post-899","page","type-page","status-publish","hentry"],"yoast_head":"<!-- This site is optimized with the Yoast SEO plugin v15.4 - https:\/\/yoast.com\/wordpress\/plugins\/seo\/ -->\n<title>CEO Message - Advanex<\/title>\n<meta name=\"description\" content=\"CEO Message - We work with our customers locally as much as possible to provide leading engineering support.\" \/>\n<meta name=\"robots\" content=\"index, follow, max-snippet:-1, max-image-preview:large, max-video-preview:-1\" \/>\n<link rel=\"canonical\" href=\"https:\/\/advanex.cz\/de\/about\/ceo-message\/\" \/>\n<meta property=\"og:locale\" content=\"de_DE\" \/>\n<meta property=\"og:type\" content=\"article\" \/>\n<meta property=\"og:title\" content=\"CEO Message - Advanex\" \/>\n<meta property=\"og:description\" content=\"CEO Message - We work with our customers locally as much as possible to provide leading engineering support.\" \/>\n<meta property=\"og:url\" content=\"https:\/\/advanex.cz\/de\/about\/ceo-message\/\" \/>\n<meta property=\"og:site_name\" content=\"Advanex\" \/>\n<meta property=\"article:modified_time\" content=\"2018-07-18T09:47:21+00:00\" \/>\n<meta name=\"twitter:label1\" content=\"Verfasst von\">\n\t<meta name=\"twitter:data1\" content=\"richie\">\n\t<meta name=\"twitter:label2\" content=\"Gesch\u00e4tzte Lesezeit\">\n\t<meta name=\"twitter:data2\" content=\"1 Minute\">\n<script type=\"application\/ld+json\" class=\"yoast-schema-graph\">{\"@context\":\"https:\/\/schema.org\",\"@graph\":[{\"@type\":\"WebSite\",\"@id\":\"https:\/\/advanex.cz\/#website\",\"url\":\"https:\/\/advanex.cz\/\",\"name\":\"Advanex\",\"description\":\"\",\"potentialAction\":[{\"@type\":\"SearchAction\",\"target\":\"https:\/\/advanex.cz\/?s={search_term_string}\",\"query-input\":\"required name=search_term_string\"}],\"inLanguage\":\"de-DE\"},{\"@type\":\"WebPage\",\"@id\":\"https:\/\/advanex.cz\/de\/about\/ceo-message\/#webpage\",\"url\":\"https:\/\/advanex.cz\/de\/about\/ceo-message\/\",\"name\":\"CEO Message - Advanex\",\"isPartOf\":{\"@id\":\"https:\/\/advanex.cz\/#website\"},\"datePublished\":\"2015-04-10T08:08:43+00:00\",\"dateModified\":\"2018-07-18T09:47:21+00:00\",\"description\":\"CEO Message - We work with our customers locally as much as possible to provide leading engineering support.\",\"inLanguage\":\"de-DE\",\"potentialAction\":[{\"@type\":\"ReadAction\",\"target\":[\"https:\/\/advanex.cz\/de\/about\/ceo-message\/\"]}]}]}<\/script>\n<!-- \/ Yoast SEO plugin. -->","_links":{"self":[{"href":"https:\/\/advanex.cz\/de\/wp-json\/wp\/v2\/pages\/899","targetHints":{"allow":["GET"]}}],"collection":[{"href":"https:\/\/advanex.cz\/de\/wp-json\/wp\/v2\/pages"}],"about":[{"href":"https:\/\/advanex.cz\/de\/wp-json\/wp\/v2\/types\/page"}],"author":[{"embeddable":true,"href":"https:\/\/advanex.cz\/de\/wp-json\/wp\/v2\/users\/1"}],"replies":[{"embeddable":true,"href":"https:\/\/advanex.cz\/de\/wp-json\/wp\/v2\/comments?post=899"}],"version-history":[{"count":0,"href":"https:\/\/advanex.cz\/de\/wp-json\/wp\/v2\/pages\/899\/revisions"}],"wp:attachment":[{"href":"https:\/\/advanex.cz\/de\/wp-json\/wp\/v2\/media?parent=899"}],"curies":[{"name":"wp","href":"https:\/\/api.w.org\/{rel}","templated":true}]}}