{"id":958,"date":"2015-04-21T16:15:55","date_gmt":"2015-04-21T15:15:55","guid":{"rendered":"http:\/\/advanexcz.wpengine.com\/de\/home\/"},"modified":"2016-10-04T13:01:31","modified_gmt":"2016-10-04T12:01:31","slug":"home","status":"publish","type":"page","link":"https:\/\/advanex.cz\/de\/","title":{"rendered":"Home"},"content":{"rendered":"<div id=\"pl-958\"  class=\"panel-layout\" ><div id=\"pg-958-0\"  class=\"panel-grid panel-no-style\" ><div id=\"pgc-958-0-0\"  class=\"panel-grid-cell\" >        \n        <div id=\"as-container-ss9494\" class=\"as-container\">\n\t        \n\t        <div id=\"as-slideshow-slides-ss9494\" class=\"as-slideshow-slides\">\n\t        \t\t\t\t<div class=\"as-slideshow-slide\" style=\"height:600px;padding:100px 20px 50px 20px;\">\n\t\t\t\t\t<div class=\"as-slideshow-content\">\n\t\t\t\t\t\t<h2 style=\"text-align: center;\"><span lang=\"DE\">&nbsp;Advanex Tschechische Republik<\/span><\/h2>\r\n<p style=\"margin-bottom: 0px; font-size: 12px; line-height: normal; font-family: Helvetica; text-align: center;\"><span style=\"caret-color: #000000; color: #ffffff; font-family: Helvetica; font-size: 18pt; font-style: normal; font-variant-caps: normal; font-weight: normal; letter-spacing: normal; text-align: start; text-indent: 0px; text-transform: none; white-space: normal; word-spacing: 0px; -moz-text-size-adjust: auto; -webkit-text-stroke-width: 0px; text-decoration: none; display: inline !important; float: none;\">5 Mio. &euro; Investition zur Unterst&uuml;tzung unserer Wachstumspl&auml;ne<\/span><\/p>\t\t\t\t\t<\/div>\n\t\t\t\t<\/div>\n\t\t\t\t\t\t\t<div class=\"as-slideshow-slide\" style=\"height:600px;padding:100px 20px 50px 20px;\">\n\t\t\t\t\t<div class=\"as-slideshow-content\">\n\t\t\t\t\t\t<h2 style=\"text-align: center;\"><span lang=\"DE\">Advanex Tschechische Republik<\/span><\/h2>\r\n<p style=\"text-align: center;\"><span style=\"font-size: 18pt; color: #ffffff;\">Er&ouml;ffnung im Fr&uuml;hling 2019<\/span><\/p>\t\t\t\t\t<\/div>\n\t\t\t\t<\/div>\n\t\t\t\t\t\t\t<div class=\"as-slideshow-slide\" style=\"height:600px;padding:100px 20px 50px 20px;\">\n\t\t\t\t\t<div class=\"as-slideshow-content\">\n\t\t\t\t\t\t<h2 style=\"text-align: center;\">WELTWEITE PARTNERSCHAFTEN<\/h2>\r\n<p style=\"text-align: center;\"><span style=\"color: #ffffff; font-size: 18pt;\">Unsere&nbsp;<\/span><span lang=\"DE\" style=\"font-size: 18pt; color: #ffffff;\">M&auml;rkte haben internationale Reichweite<\/span><\/p>\r\n<p style=\"text-align: center;\"><span lang=\"DE\" style=\"font-size: 18pt; color: #ffffff;\">Globale Qualit&auml;t mit lokalem Service<\/span><\/p>\t\t\t\t\t<\/div>\n\t\t\t\t<\/div>\n\t\t\t\t\t\t\t<div class=\"as-slideshow-slide\" style=\"height:600px;padding:100px 20px 50px 20px;\">\n\t\t\t\t\t<div class=\"as-slideshow-content\">\n\t\t\t\t\t\t<h2 style=\"box-sizing: border-box; text-align: center;\"><span lang=\"DE\" style=\"box-sizing: border-box;\">PR&Auml;ZISIONSTECHNIK<\/span><\/h2>\r\n<p style=\"text-align: center;\"><span lang=\"DE\" style=\"font-size: 18pt; color: #ffffff;\">Komplettservice von der Konstruktion bis zur Produktion<\/span><\/p>\r\n<p style=\"text-align: center;\">&nbsp;<span lang=\"DE\" style=\"font-size: 18pt; color: #ffffff;\">Innovationen und L&ouml;sungen<\/span><\/p>\t\t\t\t\t<\/div>\n\t\t\t\t<\/div>\n\t\t\t\t\t\t\t<div class=\"as-slideshow-slide\" style=\"height:600px;padding:100px 20px 50px 20px;\">\n\t\t\t\t\t<div class=\"as-slideshow-content\">\n\t\t\t\t\t\t<h2 style=\"text-align: center;\">SATISFACTION-PLUS -&nbsp;<span lang=\"DE\">UNSER NETZWERK F&Uuml;R EINE BESSERE WELT<\/span><\/h2>\r\n<p style=\"margin-bottom: 0px; font-size: 12px; line-height: normal; font-family: Helvetica; text-align: center;\"><span style=\"font-size: 18pt; color: #ffffff;\">WELTWEIT F&Uuml;HREND BEI PR&Auml;ZISIONSTECHNISCHEN L&Ouml;SUNGEN UND PRODUKTEN<\/span><\/p>\r\n<p style=\"text-align: center;\">&nbsp;<\/p>\r\n<p style=\"margin-bottom: 0px; font-size: 12px; line-height: normal; font-family: Helvetica; text-align: center;\"><span style=\"font-size: 18pt; color: #ffffff;\">Standortunabh&auml;ngiger Support<\/span><\/p>\t\t\t\t\t<\/div>\n\t\t\t\t<\/div>\n\t\t\t\t        <\/div>\n\t        \n\t        <div id=\"as-slideshow-backgrounds-ss9494\" class=\"as-slideshow-backgrounds\" style=\"position:fixed;\">\n\t        \t\t\t\t<div class=\"as-slideshow-background\" style=\"background-image:url('https:\/\/advanex.cz\/wp-content\/uploads\/2015\/04\/Final-Sign-Placement-Graphic-With-Layer.png');\" style=\"position:fixed;\"><\/div>\n\t\t\t\t\t\t\t<div class=\"as-slideshow-background\" style=\"background-image:url('https:\/\/advanex.cz\/wp-content\/uploads\/2015\/04\/Tommy-visit-05th-Nov-With-Layer.png');\" style=\"position:fixed;\"><\/div>\n\t\t\t\t\t\t\t<div class=\"as-slideshow-background\" style=\"background-image:url('https:\/\/advanexgroup.com\/wp-content\/uploads\/2015\/05\/slidebg3-op.jpg');\" style=\"position:fixed;\"><\/div>\n\t\t\t\t\t\t\t<div class=\"as-slideshow-background\" style=\"background-image:url('https:\/\/advanexgroup.com\/wp-content\/uploads\/2015\/05\/slidebg2-op.jpg');\" style=\"position:fixed;\"><\/div>\n\t\t\t\t\t\t\t<div class=\"as-slideshow-background\" style=\"background-image:url('https:\/\/advanex.cz\/wp-content\/uploads\/2015\/04\/EBA-Website-Slide.jpg');\" style=\"position:fixed;\"><\/div>\n\t\t\t\t        <\/div>\n\t        \n        <\/div>\n        \n        <style>\n\t    .as-container .animated{ -webkit-animation-duration:2s; animation-duration:2s; }    \n\t    <\/style>\n        \n        <script>\n\t    \t    jQuery('.as-slideshow-backgrounds').prependTo('body');\n\t\t\t\tjQuery(document).ready(function($){\n\t\t\t\n\t\t\tvar asSlides = $('#as-slideshow-slides-ss9494').cycle({\n\t\t\t\tslides: '.as-slideshow-slide',\n\t\t\t\ttimeout: 0,\n\t\t\t}).on('cycle-before',function(event, optionHash, outgoingSlideEl, incomingSlideEl, forwardFlag){\n\t\t\t\t$('.as-slideshow-content', outgoingSlideEl).removeClass('animated fadeInUp').addClass('animated fadeOut');\n\t\t\t\t$('.as-slideshow-content', outgoingSlideEl).css('visibility','hidden');\n\t\t\t\t$('.as-slideshow-content', incomingSlideEl).css('visibility','visible');\t\t\n\t\t\t\tif($('html').hasClass('cssanimations')){\n\t\t\t\t\t$('.as-slideshow-content', incomingSlideEl).removeClass('animated fadeOut').addClass('animated fadeInUp');\n\t\t\t\t}\n\t\t\t\tvar index = $('#as-slideshow-slides-ss9494').index(event.target);\n\t\t\t\tconsole.log(index);\n\t\t\t});\n\t\t\t\n\t\t\tvar asBackgrounds = $('#as-slideshow-backgrounds-ss9494').cycle({\n\t\t\t\tslides: '.as-slideshow-background',\n\t\t\t\ttimeout: 0\n\t\t\t});\n\t\t\t\n\t\t\tsetTimeout(asNextSlide, 8000);\n\t\t\t\n\t\t\tfunction asNextSlide() {\n\t\t\t\tasSlides.cycle('next');\n\t\t\t\tasBackgrounds.cycle('next');\n\t\t\t\tsetTimeout(asNextSlide, 8000);\n\t\t\t}\n\t\t\t\n\t\t});\n\t\t\n\t    <\/script>\n        \n\t\t        <div class=\"ascrolldown-container\">\n        \t<div class=\"ascrolldown\">\n\t        \t<div class=\"ascrolldown-text\">Scroll Down<\/div>\n        \t<\/div>\n        <\/div>\n        <script>\n\t       function scrollDowner(){\n\t\t       jQuery('.ascrolldown').css('visibility','visible').removeClass('animated fadeOutDown').addClass('animated fadeInDown');\n\t\t       jQuery('.ascrolldown-text').css('visibility','visible').removeClass('animated zoomOut').addClass('animated zoomIn');\n\t\t       setTimeout(function(){\n\t\t\t   \t\tjQuery('.ascrolldown').removeClass('animated fadeInUp').addClass('animated fadeOutDown'); \n\t\t\t   \t\tjQuery('.ascrolldown-text').removeClass('animated zoomIn').addClass('animated zoomOut');  \n\t\t\t   }, 4000);\n\t       }\n\t       setInterval(function(){\n\t\t       scrollDowner();\n\t\t   }, 8000); \n\t       scrollDowner();\n\t    <\/script>\n        <\/div><\/div><\/div><div id=\"pg-958-1\"  class=\"panel-grid panel-no-style\" ><div id=\"pgc-958-1-0\"  class=\"panel-grid-cell\" ><div id=\"panel-958-1-0-0\" class=\"so-panel widget widget_advanex_content_box panel-first-child panel-last-child\" data-index=\"2\" ><div class=\"animated fadeInDown panel-widget-style panel-widget-style-for-958-1-0-0\" >        <a href=\"https:\/\/advanexgroup.com\/productsandservices\/\">\t\t<div class=\"abox\">\n\t\t\t<a href=\"https:\/\/advanexgroup.com\/productsandservices\/\">\t\t\t<div class=\"abox-content\" style=\"background-image:url(https:\/\/advanexgroup.com\/wp-content\/uploads\/2015\/06\/TS1.png);height:250px\">\n\t\t\t\t\t\t\t<\/div>\n\t\t\t<\/a>\t\t\t<a class=\"abox-title\" href=\"https:\/\/advanexgroup.com\/productsandservices\/\">Produkte und Dienstleistungen<\/a>\n\t\t<\/div>\n\t\t<\/a>        <\/div><\/div><\/div><div id=\"pgc-958-1-1\"  class=\"panel-grid-cell\" ><div id=\"panel-958-1-1-0\" class=\"so-panel widget widget_advanex_content_box panel-first-child panel-last-child\" data-index=\"3\" ><div class=\"animated fadeInDown panel-widget-style panel-widget-style-for-958-1-1-0\" >        <a href=\"https:\/\/advanexgroup.com\/industries\/\">\t\t<div class=\"abox\">\n\t\t\t<a href=\"https:\/\/advanexgroup.com\/industries\/\">\t\t\t<div class=\"abox-content\" style=\"background-image:url(https:\/\/advanexgroup.com\/wp-content\/uploads\/2015\/04\/box-industries.jpg);height:250px\">\n\t\t\t\t\t\t\t<\/div>\n\t\t\t<\/a>\t\t\t<a class=\"abox-title\" href=\"https:\/\/advanexgroup.com\/industries\/\">Branchen<\/a>\n\t\t<\/div>\n\t\t<\/a>        <\/div><\/div><\/div><div id=\"pgc-958-1-2\"  class=\"panel-grid-cell\" ><div id=\"panel-958-1-2-0\" class=\"so-panel widget widget_advanex_content_box panel-first-child panel-last-child\" data-index=\"4\" ><div class=\"animated fadeInDown pulse-images panel-widget-style panel-widget-style-for-958-1-2-0\" >        \t\t<div class=\"abox\">\n\t\t\t\t\t\t<div class=\"abox-content\" style=\"background-color:rgba(255,255,255,0.9);height:250px\">\n\t\t\t\t<table style=\"width: 100%;\" cellpadding=\"0\">\n<tbody>\n<tr>\n<td style=\"width: 50%; text-align: center;\"><a href=\"http:\/\/www.advanexusa.com\" target=\"_blank\"><img decoding=\"async\" src=\"..\/wp-content\/uploads\/2015\/04\/globe-us.png\" alt=\"\" \/><\/a><br \/><span style=\"color: #003366;\"><a style=\"color: #003366;\" href=\"http:\/\/www.advanexusa.com\" target=\"_blank\">AMERICAS<\/a><\/span><\/td>\n<td style=\"width: 50%; text-align: center;\"><a href=\"http:\/\/www.advanex.co.uk\" target=\"_blank\"><img decoding=\"async\" src=\"..\/wp-content\/uploads\/2015\/04\/globe-eu.png\" alt=\"\" \/><\/a><br \/><span style=\"color: #003366;\"><a style=\"color: #003366;\" href=\"http:\/\/www.advanex.co.uk\" target=\"_blank\">EUROPE<\/a><\/span><\/td>\n<\/tr>\n<tr>\n<td style=\"width: 50%; text-align: center;\"><a href=\"http:\/\/www.advanex.com.sg\" target=\"_blank\"><img decoding=\"async\" src=\"..\/wp-content\/uploads\/2015\/04\/globe-asia.png\" alt=\"\" \/><\/a><br \/><span style=\"color: #003366;\"><a style=\"color: #003366;\" href=\"http:\/\/www.advanex.com.sg\" target=\"_blank\">ASIA & CHINA<\/a><\/span><\/td>\n<td style=\"width: 50%; text-align: center;\"><a href=\"http:\/\/www.advanex.co.jp\" target=\"_blank\"><img decoding=\"async\" src=\"..\/wp-content\/uploads\/2015\/04\/globe-japan.png\" alt=\"\" \/><\/a><br \/><span style=\"color: #003366;\"><a style=\"color: #003366;\" href=\"http:\/\/www.advanex.co.jp\" target=\"_blank\">JAPAN<\/a><\/span><\/td>\n<\/tr>\n<\/tbody>\n<\/table>\t\t\t<\/div>\n\t\t\t\t\t\t<a class=\"abox-title\" href=\"https:\/\/advanexgroup.com\/about\/group-companies\/\">Advanex Netzwerk<\/a>\n\t\t<\/div>\n\t\t        <\/div><\/div><\/div><div id=\"pgc-958-1-3\"  class=\"panel-grid-cell\" ><div id=\"panel-958-1-3-0\" class=\"so-panel widget widget_advanex_content_box panel-first-child panel-last-child\" data-index=\"5\" ><div class=\"animated fadeInDown panel-widget-style panel-widget-style-for-958-1-3-0\" >        \t\t<div class=\"abox\">\n\t\t\t\t\t\t<div class=\"abox-content\" style=\"background-color:rgba(255,255,255,0.9);height:250px\">\n\t\t\t\t\t\t\t\t\t<h4 class=\"abox-content-title\" style=\"color:#596469\">Advanex Europe nutzt die Partnerschaft mit der University of Nottingham und den damit verbundenen Wissenstransfer, um das Angebot an tiefgezogenen Produkten zu erweitern<\/h4>\n\t\t\t\t\t<div class=\"abox-content-main\" style=\"color:#596469\"><p>Advanex Europe, Hersteller von Pr\u00e4zisionskomponenten, m\u00f6chte auf den Erfolg des Wissenstransfers (KTP: Knowledge Transfer Partnership) mit der University of Nottingham aufmerksam machen. Teil der internationalen Wachstumspl\u00e4ne der Advanex-Gruppe war es, <a class=\"read-more\" href=\"https:\/\/advanex.cz\/de\/advanex-europe-nutzt-die-partnerschaft-mit-der-university-of-nottingham-und-den-damit-verbundenen-wissenstransfer-um-das-angebot-an-tiefgezogenen-produkten-zu-erweitern\/\">MORE&#8230;<\/a><\/p>\n<\/div>\n\t\t\t\t\t\t\t\t<\/div>\n\t\t\t\t\t\t<a class=\"abox-title\" href=\"https:\/\/advanexgroup.com\/news\/\">Advanex Neuigkeiten<\/a>\n\t\t<\/div>\n\t\t        <\/div><\/div><\/div><\/div><\/div>","protected":false},"excerpt":{"rendered":"<p>WELTWEITE PARTNERSCHAFTEN Unsere&nbsp;M\u00e4rkte haben internationale Reichweite Globale Qualit\u00e4t mit lokalem Service PR\u00c4ZISIONSTECHNIK Komplettservice von der Konstruktion bis zur Produktion &nbsp;Innovationen und L\u00f6sungen SATISFACTION-PLUS &#8211;&nbsp;UNSER NETZWERK F\u00dcR EINE BESSERE WELT WELTWEIT <a class=\"read-more\" href=\"https:\/\/advanex.cz\/de\/advanex-europe-nutzt-die-partnerschaft-mit-der-university-of-nottingham-und-den-damit-verbundenen-wissenstransfer-um-das-angebot-an-tiefgezogenen-produkten-zu-erweitern\/\">MORE&#8230;<\/a><\/p>\n","protected":false},"author":1,"featured_media":0,"parent":0,"menu_order":0,"comment_status":"open","ping_status":"open","template":"","meta":{"footnotes":""},"class_list":["post-958","page","type-page","status-publish","hentry"],"yoast_head":"<!-- This site is optimized with the Yoast SEO plugin v15.4 - https:\/\/yoast.com\/wordpress\/plugins\/seo\/ -->\n<title>Home - Advanex - Precision Engineering<\/title>\n<meta name=\"description\" content=\"Home - Advanex - Home - Precision engineered solutions &amp; products. Global metal and plastic component manufacturers for a wide range of industries.\" \/>\n<meta name=\"robots\" content=\"index, follow, max-snippet:-1, max-image-preview:large, max-video-preview:-1\" \/>\n<link rel=\"canonical\" href=\"https:\/\/advanex.cz\/de\/\" \/>\n<meta property=\"og:locale\" content=\"de_DE\" \/>\n<meta property=\"og:type\" content=\"article\" \/>\n<meta property=\"og:title\" content=\"Home - Advanex - Precision Engineering\" \/>\n<meta property=\"og:description\" content=\"Home - Advanex - Home - Precision engineered solutions &amp; products. Global metal and plastic component manufacturers for a wide range of industries.\" \/>\n<meta property=\"og:url\" content=\"https:\/\/advanex.cz\/de\/\" \/>\n<meta property=\"og:site_name\" content=\"Advanex\" \/>\n<meta property=\"article:modified_time\" content=\"2016-10-04T12:01:31+00:00\" \/>\n<meta property=\"og:image\" content=\"http:\/\/..\/wp-content\/uploads\/2015\/04\/globe-us.png\" \/>\n<meta name=\"twitter:label1\" content=\"Verfasst von\">\n\t<meta name=\"twitter:data1\" content=\"richie\">\n\t<meta name=\"twitter:label2\" content=\"Gesch\u00e4tzte Lesezeit\">\n\t<meta name=\"twitter:data2\" content=\"0 Minuten\">\n<script type=\"application\/ld+json\" class=\"yoast-schema-graph\">{\"@context\":\"https:\/\/schema.org\",\"@graph\":[{\"@type\":\"WebSite\",\"@id\":\"https:\/\/advanex.cz\/#website\",\"url\":\"https:\/\/advanex.cz\/\",\"name\":\"Advanex\",\"description\":\"\",\"potentialAction\":[{\"@type\":\"SearchAction\",\"target\":\"https:\/\/advanex.cz\/?s={search_term_string}\",\"query-input\":\"required name=search_term_string\"}],\"inLanguage\":\"de-DE\"},{\"@type\":\"ImageObject\",\"@id\":\"https:\/\/advanex.cz\/de\/#primaryimage\",\"inLanguage\":\"de-DE\",\"url\":\"..\/wp-content\/uploads\/2015\/04\/globe-us.png\"},{\"@type\":\"WebPage\",\"@id\":\"https:\/\/advanex.cz\/de\/#webpage\",\"url\":\"https:\/\/advanex.cz\/de\/\",\"name\":\"Home - Advanex - Precision Engineering\",\"isPartOf\":{\"@id\":\"https:\/\/advanex.cz\/#website\"},\"primaryImageOfPage\":{\"@id\":\"https:\/\/advanex.cz\/de\/#primaryimage\"},\"datePublished\":\"2015-04-21T15:15:55+00:00\",\"dateModified\":\"2016-10-04T12:01:31+00:00\",\"description\":\"Home - Advanex - Home - Precision engineered solutions & products. Global metal and plastic component manufacturers for a wide range of industries.\",\"inLanguage\":\"de-DE\",\"potentialAction\":[{\"@type\":\"ReadAction\",\"target\":[\"https:\/\/advanex.cz\/de\/\"]}]}]}<\/script>\n<!-- \/ Yoast SEO plugin. -->","_links":{"self":[{"href":"https:\/\/advanex.cz\/de\/wp-json\/wp\/v2\/pages\/958","targetHints":{"allow":["GET"]}}],"collection":[{"href":"https:\/\/advanex.cz\/de\/wp-json\/wp\/v2\/pages"}],"about":[{"href":"https:\/\/advanex.cz\/de\/wp-json\/wp\/v2\/types\/page"}],"author":[{"embeddable":true,"href":"https:\/\/advanex.cz\/de\/wp-json\/wp\/v2\/users\/1"}],"replies":[{"embeddable":true,"href":"https:\/\/advanex.cz\/de\/wp-json\/wp\/v2\/comments?post=958"}],"version-history":[{"count":0,"href":"https:\/\/advanex.cz\/de\/wp-json\/wp\/v2\/pages\/958\/revisions"}],"wp:attachment":[{"href":"https:\/\/advanex.cz\/de\/wp-json\/wp\/v2\/media?parent=958"}],"curies":[{"name":"wp","href":"https:\/\/api.w.org\/{rel}","templated":true}]}}