{"id":1397,"date":"2024-12-17T09:56:38","date_gmt":"2024-12-17T09:56:38","guid":{"rendered":"https:\/\/advanex.cz\/en\/?page_id=1397"},"modified":"2025-08-21T13:49:25","modified_gmt":"2025-08-21T12:49:25","slug":"our-team","status":"publish","type":"page","link":"https:\/\/advanex.cz\/en\/our-team\/","title":{"rendered":"Our Team"},"content":{"rendered":"<div id=\"pl-1397\"  class=\"panel-layout\" ><div id=\"pg-1397-0\"  class=\"panel-grid panel-no-style\" ><div id=\"pgc-1397-0-0\"  class=\"panel-grid-cell\" ><div id=\"panel-1397-0-0-0\" class=\"so-panel widget widget_black-studio-tinymce widget_black_studio_tinymce panel-first-child panel-last-child\" data-index=\"0\" ><div class=\"textwidget\"><p><img loading=\"lazy\" decoding=\"async\" class=\"alignnone  wp-image-1538\" src=\"https:\/\/advanex.cz\/wp-content\/uploads\/2025\/07\/4-1-600x75.jpg\" alt=\"\" width=\"1168\" height=\"146\" srcset=\"https:\/\/advanex.cz\/wp-content\/uploads\/2025\/07\/4-1-600x75.jpg 600w, https:\/\/advanex.cz\/wp-content\/uploads\/2025\/07\/4-1-1024x128.jpg 1024w, https:\/\/advanex.cz\/wp-content\/uploads\/2025\/07\/4-1-768x96.jpg 768w, https:\/\/advanex.cz\/wp-content\/uploads\/2025\/07\/4-1-1536x192.jpg 1536w, https:\/\/advanex.cz\/wp-content\/uploads\/2025\/07\/4-1-2048x256.jpg 2048w\" sizes=\"auto, (max-width: 1168px) 100vw, 1168px\" \/><\/p>\n<\/div><\/div><\/div><\/div><div id=\"pg-1397-1\"  class=\"panel-grid panel-no-style\" ><div id=\"pgc-1397-1-0\"  class=\"panel-grid-cell\" ><div id=\"panel-1397-1-0-0\" class=\"so-panel widget widget_black-studio-tinymce widget_black_studio_tinymce panel-first-child\" data-index=\"1\" ><div class=\"textwidget\"><\/div><\/div><div id=\"panel-1397-1-0-1\" class=\"so-panel widget widget_black-studio-tinymce widget_black_studio_tinymce panel-last-child\" data-index=\"2\" ><div class=\"textwidget\"><table style=\"height: 322px; width: 100%; border-collapse: collapse; border-color: #000000; background-color: #f7f7f7;\">\n<tbody>\n<tr style=\"height: 24px;\">\n<td style=\"width: 25%; text-align: center; height: 24px;\"><strong>Contact<\/strong><\/td>\n<td style=\"width: 25%; text-align: center; height: 24px;\"><strong>Job Title<\/strong><\/td>\n<td style=\"width: 25%; text-align: center; height: 24px;\"><strong>Email<\/strong><\/td>\n<td style=\"width: 25%; text-align: center; height: 24px;\"><strong>Phone Number<\/strong><\/td>\n<\/tr>\n<tr style=\"height: 61px;\">\n<td style=\"width: 25%; height: 61px; text-align: center;\">Nick Hobson<\/td>\n<td style=\"width: 25%; height: 61px; text-align: center;\">General Manager<\/td>\n<td style=\"width: 25%; height: 61px; text-align: center;\"><a href=\"mailto:michael.carrick@advanex.cz\">nick.hobson@advanex.cz<\/a><\/td>\n<td style=\"width: 25%; height: 61px; text-align: center;\">CZ: +420 734 592 888<\/td>\n<\/tr>\n<tr style=\"height: 69px;\">\n<td style=\"width: 25%; height: 69px;\" nowrap=\"nowrap\" width=\"127\">\n<p class=\"x_xmsonormal\" style=\"text-align: center;\"><span data-olk-copy-source=\"MessageBody\">Jean-Paul Andr\u00e9<\/span><\/p>\n<\/td>\n<td style=\"width: 25%; height: 69px; text-align: center;\" width=\"267\">Business Development Manager Europe - Automotive Division<\/td>\n<td style=\"width: 25%; height: 69px; text-align: center;\"><a href=\"mailto:jean-paul.andre@advanex.cz\">jean-paul.andre@advanex.cz<\/a><\/td>\n<td style=\"width: 25%; height: 69px; text-align: center;\">+420 777 900 347<\/td>\n<\/tr>\n<tr style=\"height: 62px;\">\n<td style=\"width: 25%; height: 62px; text-align: center;\"><span data-olk-copy-source=\"MessageBody\">Du\u0161an Nikoli\u0107<\/span><\/td>\n<td style=\"width: 25%; height: 62px; text-align: center;\">Project &amp; Quality Manager<\/td>\n<td style=\"width: 25%; height: 62px; text-align: center;\"><a href=\"mailto:dusan.nikolic@advanex.cz\">dusan.nikolic@advanex.cz<\/a><\/td>\n<td style=\"width: 25%; height: 62px; text-align: center;\">+420 734 592 799<\/td>\n<\/tr>\n<tr style=\"height: 52px;\">\n<td style=\"width: 25%; height: 52px; text-align: center;\">Inna Seredyuk<\/td>\n<td style=\"width: 25%; height: 52px; text-align: center;\">Production Team Leader<\/td>\n<td style=\"width: 25%; height: 52px; text-align: center;\"><a href=\"mailto:inna.seredyuk@advanex.cz\">inna.seredyuk@advanex.cz<\/a><\/td>\n<td style=\"width: 25%; height: 52px; text-align: center;\">+420 734 592 669<\/td>\n<\/tr>\n<tr style=\"height: 54px;\">\n<td style=\"width: 25%; height: 54px; text-align: center;\"><span data-olk-copy-source=\"MessageBody\">Tom\u00e1\u0161 Vl\u010dek<\/span><\/td>\n<td style=\"width: 25%; height: 54px; text-align: center;\">Manufacturing Engineer<\/td>\n<td style=\"width: 25%; height: 54px; text-align: center;\"><a href=\"mailto:tomas.vlcek@advanex.cz\">tomas.vlcek@advanex.cz<\/a><\/td>\n<td style=\"width: 25%; height: 54px; text-align: center;\">+420 734 592 899<\/td>\n<\/tr>\n<\/tbody>\n<\/table>\n<\/div><\/div><\/div><\/div><\/div>","protected":false},"excerpt":{"rendered":"<p>Contact Job Title Email Phone Number Nick Hobson General Manager nick.hobson@advanex.cz CZ: +420 734 592 888 Jean-Paul Andr\u00e9 Business Development Manager Europe &#8211; Automotive Division jean-paul.andre@advanex.cz +420 777 900 347 <a class=\"read-more\" href=\"https:\/\/advanex.cz\/en\/our-team\/\">MORE&#8230;<\/a><\/p>\n","protected":false},"author":7,"featured_media":0,"parent":0,"menu_order":0,"comment_status":"open","ping_status":"open","template":"","meta":{"footnotes":""},"class_list":["post-1397","page","type-page","status-publish","hentry"],"yoast_head":"<!-- This site is optimized with the Yoast SEO plugin v15.4 - https:\/\/yoast.com\/wordpress\/plugins\/seo\/ -->\n<title>Company History<\/title>\n<meta name=\"description\" content=\"Company History - The history of Advanex -\" \/>\n<meta name=\"robots\" content=\"index, follow, max-snippet:-1, max-image-preview:large, max-video-preview:-1\" \/>\n<link rel=\"canonical\" href=\"https:\/\/advanex.cz\/en\/our-team\/\" \/>\n<meta property=\"og:locale\" content=\"en_US\" \/>\n<meta property=\"og:type\" content=\"article\" \/>\n<meta property=\"og:title\" content=\"Company History\" \/>\n<meta property=\"og:description\" content=\"Company History - The history of Advanex -\" \/>\n<meta property=\"og:url\" content=\"https:\/\/advanex.cz\/en\/our-team\/\" \/>\n<meta property=\"og:site_name\" content=\"Advanex\" \/>\n<meta property=\"article:modified_time\" content=\"2025-08-21T12:49:25+00:00\" \/>\n<meta property=\"og:image\" content=\"https:\/\/advanex.cz\/wp-content\/uploads\/2025\/07\/4-1-600x75.jpg\" \/>\n<meta name=\"twitter:label1\" content=\"Written by\">\n\t<meta name=\"twitter:data1\" content=\"Nthan Spafford\">\n\t<meta name=\"twitter:label2\" content=\"Est. reading time\">\n\t<meta name=\"twitter:data2\" content=\"0 minutes\">\n<script type=\"application\/ld+json\" class=\"yoast-schema-graph\">{\"@context\":\"https:\/\/schema.org\",\"@graph\":[{\"@type\":\"WebSite\",\"@id\":\"https:\/\/advanex.cz\/#website\",\"url\":\"https:\/\/advanex.cz\/\",\"name\":\"Advanex\",\"description\":\"\",\"potentialAction\":[{\"@type\":\"SearchAction\",\"target\":\"https:\/\/advanex.cz\/?s={search_term_string}\",\"query-input\":\"required name=search_term_string\"}],\"inLanguage\":\"en-US\"},{\"@type\":\"ImageObject\",\"@id\":\"https:\/\/advanex.cz\/en\/our-team\/#primaryimage\",\"inLanguage\":\"en-US\",\"url\":\"https:\/\/advanex.cz\/wp-content\/uploads\/2025\/07\/4-1-600x75.jpg\"},{\"@type\":\"WebPage\",\"@id\":\"https:\/\/advanex.cz\/en\/our-team\/#webpage\",\"url\":\"https:\/\/advanex.cz\/en\/our-team\/\",\"name\":\"Company History\",\"isPartOf\":{\"@id\":\"https:\/\/advanex.cz\/#website\"},\"primaryImageOfPage\":{\"@id\":\"https:\/\/advanex.cz\/en\/our-team\/#primaryimage\"},\"datePublished\":\"2024-12-17T09:56:38+00:00\",\"dateModified\":\"2025-08-21T12:49:25+00:00\",\"description\":\"Company History - The history of Advanex -\",\"inLanguage\":\"en-US\",\"potentialAction\":[{\"@type\":\"ReadAction\",\"target\":[\"https:\/\/advanex.cz\/en\/our-team\/\"]}]}]}<\/script>\n<!-- \/ Yoast SEO plugin. -->","_links":{"self":[{"href":"https:\/\/advanex.cz\/en\/wp-json\/wp\/v2\/pages\/1397","targetHints":{"allow":["GET"]}}],"collection":[{"href":"https:\/\/advanex.cz\/en\/wp-json\/wp\/v2\/pages"}],"about":[{"href":"https:\/\/advanex.cz\/en\/wp-json\/wp\/v2\/types\/page"}],"author":[{"embeddable":true,"href":"https:\/\/advanex.cz\/en\/wp-json\/wp\/v2\/users\/7"}],"replies":[{"embeddable":true,"href":"https:\/\/advanex.cz\/en\/wp-json\/wp\/v2\/comments?post=1397"}],"version-history":[{"count":0,"href":"https:\/\/advanex.cz\/en\/wp-json\/wp\/v2\/pages\/1397\/revisions"}],"wp:attachment":[{"href":"https:\/\/advanex.cz\/en\/wp-json\/wp\/v2\/media?parent=1397"}],"curies":[{"name":"wp","href":"https:\/\/api.w.org\/{rel}","templated":true}]}}